{"id":105,"date":"2023-03-03T11:22:07","date_gmt":"2023-03-03T10:22:07","guid":{"rendered":"https:\/\/www.pflegegruppe.at\/verein\/?page_id=105"},"modified":"2023-03-03T11:25:21","modified_gmt":"2023-03-03T10:25:21","slug":"unsere-leistungen","status":"publish","type":"page","link":"https:\/\/www.pflegegruppe.at\/verein\/unsere-leistungen\/","title":{"rendered":"Unsere Leistungen"},"content":{"rendered":"\t\t<div data-elementor-type=\"wp-page\" data-elementor-id=\"105\" class=\"elementor elementor-105\" data-elementor-post-type=\"page\">\n\t\t\t\t\t\t<section class=\"elementor-section elementor-top-section elementor-element elementor-element-0172dab elementor-section-boxed elementor-section-height-default elementor-section-height-default\" data-id=\"0172dab\" data-element_type=\"section\">\n\t\t\t\t\t\t<div class=\"elementor-container elementor-column-gap-default\">\n\t\t\t\t\t<div class=\"elementor-column elementor-col-100 elementor-top-column elementor-element elementor-element-514d164\" data-id=\"514d164\" data-element_type=\"column\">\n\t\t\t<div class=\"elementor-widget-wrap elementor-element-populated\">\n\t\t\t\t\t\t\t<\/div>\n\t\t<\/div>\n\t\t\t\t\t<\/div>\n\t\t<\/section>\n\t\t\t\t<section class=\"elementor-section elementor-top-section elementor-element elementor-element-38a4a04 elementor-section-boxed elementor-section-height-default elementor-section-height-default\" data-id=\"38a4a04\" data-element_type=\"section\">\n\t\t\t\t\t\t<div class=\"elementor-container elementor-column-gap-default\">\n\t\t\t\t\t<div class=\"elementor-column elementor-col-100 elementor-top-column elementor-element elementor-element-b41dffe\" data-id=\"b41dffe\" data-element_type=\"column\">\n\t\t\t<div class=\"elementor-widget-wrap elementor-element-populated\">\n\t\t\t\t\t\t<div class=\"elementor-element elementor-element-0d429fd elementor-widget-divider--view-line elementor-widget elementor-widget-divider\" data-id=\"0d429fd\" data-element_type=\"widget\" data-widget_type=\"divider.default\">\n\t\t\t\t<div class=\"elementor-widget-container\">\n\t\t\t<style>\/*! elementor - v3.21.0 - 26-05-2024 *\/\n.elementor-widget-divider{--divider-border-style:none;--divider-border-width:1px;--divider-color:#0c0d0e;--divider-icon-size:20px;--divider-element-spacing:10px;--divider-pattern-height:24px;--divider-pattern-size:20px;--divider-pattern-url:none;--divider-pattern-repeat:repeat-x}.elementor-widget-divider .elementor-divider{display:flex}.elementor-widget-divider .elementor-divider__text{font-size:15px;line-height:1;max-width:95%}.elementor-widget-divider .elementor-divider__element{margin:0 var(--divider-element-spacing);flex-shrink:0}.elementor-widget-divider .elementor-icon{font-size:var(--divider-icon-size)}.elementor-widget-divider .elementor-divider-separator{display:flex;margin:0;direction:ltr}.elementor-widget-divider--view-line_icon .elementor-divider-separator,.elementor-widget-divider--view-line_text .elementor-divider-separator{align-items:center}.elementor-widget-divider--view-line_icon .elementor-divider-separator:after,.elementor-widget-divider--view-line_icon .elementor-divider-separator:before,.elementor-widget-divider--view-line_text .elementor-divider-separator:after,.elementor-widget-divider--view-line_text .elementor-divider-separator:before{display:block;content:\"\";border-block-end:0;flex-grow:1;border-block-start:var(--divider-border-width) var(--divider-border-style) var(--divider-color)}.elementor-widget-divider--element-align-left .elementor-divider .elementor-divider-separator>.elementor-divider__svg:first-of-type{flex-grow:0;flex-shrink:100}.elementor-widget-divider--element-align-left .elementor-divider-separator:before{content:none}.elementor-widget-divider--element-align-left .elementor-divider__element{margin-left:0}.elementor-widget-divider--element-align-right .elementor-divider .elementor-divider-separator>.elementor-divider__svg:last-of-type{flex-grow:0;flex-shrink:100}.elementor-widget-divider--element-align-right .elementor-divider-separator:after{content:none}.elementor-widget-divider--element-align-right .elementor-divider__element{margin-right:0}.elementor-widget-divider--element-align-start .elementor-divider .elementor-divider-separator>.elementor-divider__svg:first-of-type{flex-grow:0;flex-shrink:100}.elementor-widget-divider--element-align-start .elementor-divider-separator:before{content:none}.elementor-widget-divider--element-align-start .elementor-divider__element{margin-inline-start:0}.elementor-widget-divider--element-align-end .elementor-divider .elementor-divider-separator>.elementor-divider__svg:last-of-type{flex-grow:0;flex-shrink:100}.elementor-widget-divider--element-align-end .elementor-divider-separator:after{content:none}.elementor-widget-divider--element-align-end .elementor-divider__element{margin-inline-end:0}.elementor-widget-divider:not(.elementor-widget-divider--view-line_text):not(.elementor-widget-divider--view-line_icon) .elementor-divider-separator{border-block-start:var(--divider-border-width) var(--divider-border-style) var(--divider-color)}.elementor-widget-divider--separator-type-pattern{--divider-border-style:none}.elementor-widget-divider--separator-type-pattern.elementor-widget-divider--view-line .elementor-divider-separator,.elementor-widget-divider--separator-type-pattern:not(.elementor-widget-divider--view-line) .elementor-divider-separator:after,.elementor-widget-divider--separator-type-pattern:not(.elementor-widget-divider--view-line) .elementor-divider-separator:before,.elementor-widget-divider--separator-type-pattern:not([class*=elementor-widget-divider--view]) .elementor-divider-separator{width:100%;min-height:var(--divider-pattern-height);-webkit-mask-size:var(--divider-pattern-size) 100%;mask-size:var(--divider-pattern-size) 100%;-webkit-mask-repeat:var(--divider-pattern-repeat);mask-repeat:var(--divider-pattern-repeat);background-color:var(--divider-color);-webkit-mask-image:var(--divider-pattern-url);mask-image:var(--divider-pattern-url)}.elementor-widget-divider--no-spacing{--divider-pattern-size:auto}.elementor-widget-divider--bg-round{--divider-pattern-repeat:round}.rtl .elementor-widget-divider .elementor-divider__text{direction:rtl}.e-con-inner>.elementor-widget-divider,.e-con>.elementor-widget-divider{width:var(--container-widget-width,100%);--flex-grow:var(--container-widget-flex-grow)}<\/style>\t\t<div class=\"elementor-divider\">\n\t\t\t<span class=\"elementor-divider-separator\">\n\t\t\t\t\t\t<\/span>\n\t\t<\/div>\n\t\t\t\t<\/div>\n\t\t\t\t<\/div>\n\t\t\t\t\t<\/div>\n\t\t<\/div>\n\t\t\t\t\t<\/div>\n\t\t<\/section>\n\t\t\t\t<section class=\"elementor-section elementor-top-section elementor-element elementor-element-1cdf4f8 elementor-section-boxed elementor-section-height-default elementor-section-height-default\" data-id=\"1cdf4f8\" data-element_type=\"section\">\n\t\t\t\t\t\t<div class=\"elementor-container elementor-column-gap-default\">\n\t\t\t\t\t<div class=\"elementor-column elementor-col-100 elementor-top-column elementor-element elementor-element-9b81a08\" data-id=\"9b81a08\" data-element_type=\"column\">\n\t\t\t<div class=\"elementor-widget-wrap elementor-element-populated\">\n\t\t\t\t\t\t<div class=\"elementor-element elementor-element-75026f8 elementor-widget elementor-widget-text-editor\" data-id=\"75026f8\" data-element_type=\"widget\" data-widget_type=\"text-editor.default\">\n\t\t\t\t<div class=\"elementor-widget-container\">\n\t\t\t<style>\/*! elementor - v3.21.0 - 26-05-2024 *\/\n.elementor-widget-text-editor.elementor-drop-cap-view-stacked .elementor-drop-cap{background-color:#69727d;color:#fff}.elementor-widget-text-editor.elementor-drop-cap-view-framed .elementor-drop-cap{color:#69727d;border:3px solid;background-color:transparent}.elementor-widget-text-editor:not(.elementor-drop-cap-view-default) .elementor-drop-cap{margin-top:8px}.elementor-widget-text-editor:not(.elementor-drop-cap-view-default) .elementor-drop-cap-letter{width:1em;height:1em}.elementor-widget-text-editor .elementor-drop-cap{float:left;text-align:center;line-height:1;font-size:50px}.elementor-widget-text-editor .elementor-drop-cap-letter{display:inline-block}<\/style>\t\t\t\t<div class=\"ce_text grid16 block\"><p><strong>Dienstleistungsangebot:<\/strong><\/p><ul><li>24-Stunden-Betreuung in ganz \u00d6sterreich<\/li><li>Stunden, Tages- und Nachtbetreuung in Wien, Ober\u00f6sterreich und Vorarlberg<\/li><li>Reisebegleitung<\/li><li>Pflegeberatung<\/li><li>Case Management<\/li><li>Wundmanagement<\/li><\/ul><p>\u00a0<\/p><p><strong>Was wir sonst noch anbieten:<\/strong><\/p><ul><li>Unterst\u00fctzung bei allen mit der Betreuung verbunden Beh\u00f6rdenwegen<\/li><li>Beratung und Unterst\u00fctzung bei der Antragstellung f\u00fcr F\u00f6rderungen und Pflegestufenerh\u00f6hungen<\/li><li>Kostenlose Vorbegutachtung zur Pflegestufenevaluierung<\/li><li>Durchf\u00fchrung von An- und Abmeldungen der Personenbetreuer\/innen<\/li><li>Kostenloser Betreuerinnenwechsel<\/li><li>Hilfe und Beratung bei der Anschaffung von Heilbehelfen<\/li><li>Beiziehung eines Wundmanagers f\u00fcr Therapieverordnung<\/li><li>Erteilen einer Subdelegation f\u00fcr medizinisch-pflegerische T\u00e4tigkeiten<\/li><\/ul><p>\u00a0<\/p><p><strong>So kommen Sie zu Ihrer 24-Stunden-Betreuung<\/strong><\/p><\/div>\t\t\t\t\t\t<\/div>\n\t\t\t\t<\/div>\n\t\t\t\t<div class=\"elementor-element elementor-element-6655d64 elementor-widget elementor-widget-image\" data-id=\"6655d64\" data-element_type=\"widget\" data-widget_type=\"image.default\">\n\t\t\t\t<div class=\"elementor-widget-container\">\n\t\t\t<style>\/*! elementor - v3.21.0 - 26-05-2024 *\/\n.elementor-widget-image{text-align:center}.elementor-widget-image a{display:inline-block}.elementor-widget-image a img[src$=\".svg\"]{width:48px}.elementor-widget-image img{vertical-align:middle;display:inline-block}<\/style>\t\t\t\t\t\t\t\t\t\t<img fetchpriority=\"high\" decoding=\"async\" width=\"600\" height=\"392\" src=\"https:\/\/www.pflegegruppe.at\/verein\/wp-content\/uploads\/sites\/2\/2023\/03\/24stundenbetreuung-eeeca262.jpg\" class=\"attachment-full size-full wp-image-107\" alt=\"\" srcset=\"https:\/\/www.pflegegruppe.at\/verein\/wp-content\/uploads\/sites\/2\/2023\/03\/24stundenbetreuung-eeeca262.jpg 600w, https:\/\/www.pflegegruppe.at\/verein\/wp-content\/uploads\/sites\/2\/2023\/03\/24stundenbetreuung-eeeca262-300x196.jpg 300w\" sizes=\"(max-width: 600px) 100vw, 600px\" \/>\t\t\t\t\t\t\t\t\t\t\t\t\t<\/div>\n\t\t\t\t<\/div>\n\t\t\t\t\t<\/div>\n\t\t<\/div>\n\t\t\t\t\t<\/div>\n\t\t<\/section>\n\t\t\t\t<\/div>\n\t\t","protected":false},"excerpt":{"rendered":"<p>Dienstleistungsangebot: 24-Stunden-Betreuung in ganz \u00d6sterreich Stunden, Tages- und Nachtbetreuung in Wien, Ober\u00f6sterreich und Vorarlberg Reisebegleitung Pflegeberatung Case Management Wundmanagement \u00a0 Was wir sonst noch anbieten: Unterst\u00fctzung bei allen mit der Betreuung verbunden Beh\u00f6rdenwegen Beratung und Unterst\u00fctzung bei der Antragstellung f\u00fcr F\u00f6rderungen und Pflegestufenerh\u00f6hungen Kostenlose Vorbegutachtung zur Pflegestufenevaluierung Durchf\u00fchrung von An- und Abmeldungen der Personenbetreuer\/innen Kostenloser [&hellip;]<\/p>\n","protected":false},"author":1,"featured_media":0,"parent":0,"menu_order":0,"comment_status":"closed","ping_status":"closed","template":"","meta":{"footnotes":""},"folder":[],"_links":{"self":[{"href":"https:\/\/www.pflegegruppe.at\/verein\/wp-json\/wp\/v2\/pages\/105"}],"collection":[{"href":"https:\/\/www.pflegegruppe.at\/verein\/wp-json\/wp\/v2\/pages"}],"about":[{"href":"https:\/\/www.pflegegruppe.at\/verein\/wp-json\/wp\/v2\/types\/page"}],"author":[{"embeddable":true,"href":"https:\/\/www.pflegegruppe.at\/verein\/wp-json\/wp\/v2\/users\/1"}],"replies":[{"embeddable":true,"href":"https:\/\/www.pflegegruppe.at\/verein\/wp-json\/wp\/v2\/comments?post=105"}],"version-history":[{"count":4,"href":"https:\/\/www.pflegegruppe.at\/verein\/wp-json\/wp\/v2\/pages\/105\/revisions"}],"predecessor-version":[{"id":110,"href":"https:\/\/www.pflegegruppe.at\/verein\/wp-json\/wp\/v2\/pages\/105\/revisions\/110"}],"wp:attachment":[{"href":"https:\/\/www.pflegegruppe.at\/verein\/wp-json\/wp\/v2\/media?parent=105"}],"wp:term":[{"taxonomy":"folder","embeddable":true,"href":"https:\/\/www.pflegegruppe.at\/verein\/wp-json\/wp\/v2\/folder?post=105"}],"curies":[{"name":"wp","href":"https:\/\/api.w.org\/{rel}","templated":true}]}}